{"id":1418,"date":"2021-09-09T04:01:00","date_gmt":"2021-09-09T04:01:00","guid":{"rendered":"http:\/\/heima.solutions\/heima-finishings\/"},"modified":"2024-08-01T17:52:00","modified_gmt":"2024-08-01T17:52:00","slug":"heima-finishings","status":"publish","type":"page","link":"https:\/\/heima.solutions\/es\/heima-finishings\/","title":{"rendered":"HEIMA Finishings"},"content":{"rendered":"\t\t<div data-elementor-type=\"wp-post\" data-elementor-id=\"1418\" class=\"elementor elementor-1418 elementor-860\" data-elementor-post-type=\"page\">\n\t\t\t\t\t\t<section class=\"elementor-section elementor-top-section elementor-element elementor-element-38121a6 elementor-section-content-middle elementor-section-boxed elementor-section-height-default elementor-section-height-default\" data-id=\"38121a6\" data-element_type=\"section\" data-settings=\"{&quot;background_background&quot;:&quot;classic&quot;,&quot;background_motion_fx_motion_fx_scrolling&quot;:&quot;yes&quot;,&quot;background_motion_fx_blur_effect&quot;:&quot;yes&quot;,&quot;background_motion_fx_blur_direction&quot;:&quot;out-in&quot;,&quot;background_motion_fx_blur_level&quot;:{&quot;unit&quot;:&quot;px&quot;,&quot;size&quot;:7,&quot;sizes&quot;:[]},&quot;background_motion_fx_blur_range&quot;:{&quot;unit&quot;:&quot;%&quot;,&quot;size&quot;:&quot;&quot;,&quot;sizes&quot;:{&quot;start&quot;:20,&quot;end&quot;:80}},&quot;background_motion_fx_devices&quot;:[&quot;desktop&quot;,&quot;tablet&quot;,&quot;mobile&quot;]}\">\n\t\t\t\t\t\t\t<div class=\"elementor-background-overlay\"><\/div>\n\t\t\t\t\t\t\t<div class=\"elementor-container elementor-column-gap-wide\">\n\t\t\t\t\t<div class=\"elementor-column elementor-col-100 elementor-top-column elementor-element elementor-element-3c48474\" data-id=\"3c48474\" data-element_type=\"column\">\n\t\t\t<div class=\"elementor-widget-wrap elementor-element-populated\">\n\t\t\t\t\t\t<div class=\"elementor-element elementor-element-39b7507 elementor-invisible elementor-widget elementor-widget-heading\" data-id=\"39b7507\" data-element_type=\"widget\" data-settings=\"{&quot;_animation&quot;:&quot;fadeIn&quot;,&quot;_animation_delay&quot;:50}\" data-widget_type=\"heading.default\">\n\t\t\t\t<div class=\"elementor-widget-container\">\n\t\t\t\t\t<h1 class=\"elementor-heading-title elementor-size-default\">Soluci\u00f3n inteligente<\/h1>\t\t\t\t<\/div>\n\t\t\t\t<\/div>\n\t\t\t\t<div class=\"elementor-element elementor-element-5185aaa elementor-invisible elementor-widget elementor-widget-heading\" data-id=\"5185aaa\" data-element_type=\"widget\" data-settings=\"{&quot;_animation&quot;:&quot;fadeIn&quot;,&quot;_animation_delay&quot;:100}\" data-widget_type=\"heading.default\">\n\t\t\t\t<div class=\"elementor-widget-container\">\n\t\t\t\t\t<h2 class=\"elementor-heading-title elementor-size-default\">HEIMA Finishings\u00ae<\/h2>\t\t\t\t<\/div>\n\t\t\t\t<\/div>\n\t\t\t\t\t<\/div>\n\t\t<\/div>\n\t\t\t\t\t<\/div>\n\t\t<\/section>\n\t\t\t\t<section class=\"elementor-section elementor-top-section elementor-element elementor-element-155d384 elementor-section-boxed elementor-section-height-default elementor-section-height-default\" data-id=\"155d384\" data-element_type=\"section\" data-settings=\"{&quot;background_background&quot;:&quot;classic&quot;}\">\n\t\t\t\t\t\t<div class=\"elementor-container elementor-column-gap-default\">\n\t\t\t\t\t<div class=\"elementor-column elementor-col-100 elementor-top-column elementor-element elementor-element-c1bf756\" data-id=\"c1bf756\" data-element_type=\"column\">\n\t\t\t<div class=\"elementor-widget-wrap elementor-element-populated\">\n\t\t\t\t\t\t<div class=\"elementor-element elementor-element-cd70ac3 elementor-widget elementor-widget-heading\" data-id=\"cd70ac3\" data-element_type=\"widget\" data-widget_type=\"heading.default\">\n\t\t\t\t<div class=\"elementor-widget-container\">\n\t\t\t\t\t<h3 class=\"elementor-heading-title elementor-size-default\">HEIMA Finishings\u00ae: \u00a1Transforme sus proyectos con inteligencia y calidad!<\/h3>\t\t\t\t<\/div>\n\t\t\t\t<\/div>\n\t\t\t\t<div class=\"elementor-element elementor-element-e66b89d elementor-widget elementor-widget-text-editor\" data-id=\"e66b89d\" data-element_type=\"widget\" data-widget_type=\"text-editor.default\">\n\t\t\t\t<div class=\"elementor-widget-container\">\n\t\t\t\t\t\t\t\t\t<p>\u00a1Descubra la excelencia del acabado inteligente con HEIMA Finishings\u00ae! Somos la soluci\u00f3n completa para el revestimiento de su obra, ofreciendo una gama de productos dise\u00f1ados para integrarse perfectamente en los proyectos arquitect\u00f3nicos m\u00e1s diversos.<\/p>\n\t\t\t\t\t\t\t\t<\/div>\n\t\t\t\t<\/div>\n\t\t\t\t<div class=\"elementor-element elementor-element-9d4d482 elementor-widget elementor-widget-heading\" data-id=\"9d4d482\" data-element_type=\"widget\" data-widget_type=\"heading.default\">\n\t\t\t\t<div class=\"elementor-widget-container\">\n\t\t\t\t\t<h3 class=\"elementor-heading-title elementor-size-default\">Nuestro compromiso:<\/h3>\t\t\t\t<\/div>\n\t\t\t\t<\/div>\n\t\t\t\t<div class=\"elementor-element elementor-element-174560a elementor-widget elementor-widget-text-editor\" data-id=\"174560a\" data-element_type=\"widget\" data-widget_type=\"text-editor.default\">\n\t\t\t\t<div class=\"elementor-widget-container\">\n\t\t\t\t\t\t\t\t\t<p><strong>Protecci\u00f3n y acabado:<\/strong> Desde morteros base hasta mallas de fibra de vidrio espec\u00edficas para construcci\u00f3n en seco, garantizamos la protecci\u00f3n del soporte y un acabado impecable.<\/p><p><strong>Revestimientos vin\u00edlicos y paneles de revestimiento exterior:<\/strong> Consulte a nuestro departamento comercial para explorar opciones como los revestimientos vin\u00edlicos y los paneles de revestimiento exterior, a\u00f1adiendo est\u00e9tica y funcionalidad a su proyecto.<\/p><p><strong>Tecnolog\u00eda probada:<\/strong> Todos los materiales HEIMA Finishings\u00ae incorporan tecnolog\u00eda de \u00faltima generaci\u00f3n con a\u00f1os de presencia en el mercado, garantizando una calidad duradera para su proyecto.<\/p>\t\t\t\t\t\t\t\t<\/div>\n\t\t\t\t<\/div>\n\t\t\t\t<div class=\"elementor-element elementor-element-8c2bcea elementor-widget elementor-widget-heading\" data-id=\"8c2bcea\" data-element_type=\"widget\" data-widget_type=\"heading.default\">\n\t\t\t\t<div class=\"elementor-widget-container\">\n\t\t\t\t\t<h3 class=\"elementor-heading-title elementor-size-default\">Diversidad para cada proyecto:<\/h3>\t\t\t\t<\/div>\n\t\t\t\t<\/div>\n\t\t\t\t<section class=\"elementor-section elementor-inner-section elementor-element elementor-element-64de53b elementor-section-boxed elementor-section-height-default elementor-section-height-default\" data-id=\"64de53b\" data-element_type=\"section\">\n\t\t\t\t\t\t<div class=\"elementor-container elementor-column-gap-default\">\n\t\t\t\t\t<div class=\"elementor-column elementor-col-50 elementor-inner-column elementor-element elementor-element-8c04260\" data-id=\"8c04260\" data-element_type=\"column\">\n\t\t\t<div class=\"elementor-widget-wrap elementor-element-populated\">\n\t\t\t\t\t\t<div class=\"elementor-element elementor-element-d5eabcd elementor-widget elementor-widget-text-editor\" data-id=\"d5eabcd\" data-element_type=\"widget\" data-widget_type=\"text-editor.default\">\n\t\t\t\t<div class=\"elementor-widget-container\">\n\t\t\t\t\t\t\t\t\t<p>&#8211; Morteros base bicapa &#8211; Pantallas de fibra de vidrio &#8211; Texturas de colores &#8211; Revestimientos vin\u00edlicos &#8211; Paneles de revestimiento exterior<\/p>\n\t\t\t\t\t\t\t\t<\/div>\n\t\t\t\t<\/div>\n\t\t\t\t\t<\/div>\n\t\t<\/div>\n\t\t\t\t<div class=\"elementor-column elementor-col-50 elementor-inner-column elementor-element elementor-element-4a46f4e\" data-id=\"4a46f4e\" data-element_type=\"column\">\n\t\t\t<div class=\"elementor-widget-wrap elementor-element-populated\">\n\t\t\t\t\t\t<div class=\"elementor-element elementor-element-6ea75a2 elementor-widget elementor-widget-text-editor\" data-id=\"6ea75a2\" data-element_type=\"widget\" data-widget_type=\"text-editor.default\">\n\t\t\t\t<div class=\"elementor-widget-container\">\n\t\t\t\t\t\t\t\t\t<p>En HEIMA, estamos comprometidos a proporcionar soluciones inteligentes y de alta calidad para la envolvente de su edificio. \u00a1Contacte con nosotros para transformar sus proyectos con HEIMA Finishings\u00ae!<\/p>\n\t\t\t\t\t\t\t\t<\/div>\n\t\t\t\t<\/div>\n\t\t\t\t\t<\/div>\n\t\t<\/div>\n\t\t\t\t\t<\/div>\n\t\t<\/section>\n\t\t\t\t<div class=\"elementor-element elementor-element-904646a elementor-widget elementor-widget-gallery\" data-id=\"904646a\" data-element_type=\"widget\" data-settings=\"{&quot;columns&quot;:2,&quot;gap&quot;:{&quot;unit&quot;:&quot;px&quot;,&quot;size&quot;:8,&quot;sizes&quot;:[]},&quot;_animation&quot;:&quot;none&quot;,&quot;lazyload&quot;:&quot;yes&quot;,&quot;gallery_layout&quot;:&quot;grid&quot;,&quot;columns_tablet&quot;:2,&quot;columns_mobile&quot;:1,&quot;gap_tablet&quot;:{&quot;unit&quot;:&quot;px&quot;,&quot;size&quot;:10,&quot;sizes&quot;:[]},&quot;gap_mobile&quot;:{&quot;unit&quot;:&quot;px&quot;,&quot;size&quot;:10,&quot;sizes&quot;:[]},&quot;link_to&quot;:&quot;file&quot;,&quot;aspect_ratio&quot;:&quot;3:2&quot;,&quot;content_hover_animation&quot;:&quot;fade-in&quot;}\" data-widget_type=\"gallery.default\">\n\t\t\t\t<div class=\"elementor-widget-container\">\n\t\t\t\t\t\t\t<div class=\"elementor-gallery__container\">\n\t\t\t\t\t\t\t<a class=\"e-gallery-item elementor-gallery-item elementor-animated-content\" href=\"https:\/\/heima.solutions\/wp-content\/uploads\/2021\/09\/WhatsApp-Image-2021-09-24-at-15.02.31.jpeg\" data-elementor-open-lightbox=\"yes\" data-elementor-lightbox-slideshow=\"904646a\" data-elementor-lightbox-title=\"WhatsApp Image 2021-09-24 at 15.02.31\" data-e-action-hash=\"#elementor-action%3Aaction%3Dlightbox%26settings%3DeyJpZCI6OTUxLCJ1cmwiOiJodHRwczpcL1wvaGVpbWEuc29sdXRpb25zXC93cC1jb250ZW50XC91cGxvYWRzXC8yMDIxXC8wOVwvV2hhdHNBcHAtSW1hZ2UtMjAyMS0wOS0yNC1hdC0xNS4wMi4zMS5qcGVnIiwic2xpZGVzaG93IjoiOTA0NjQ2YSJ9\">\n\t\t\t\t\t<div class=\"e-gallery-image elementor-gallery-item__image\" data-thumbnail=\"https:\/\/heima.solutions\/wp-content\/uploads\/2021\/09\/WhatsApp-Image-2021-09-24-at-15.02.31.jpeg\" data-width=\"1280\" data-height=\"930\" aria-label=\"\" role=\"img\" ><\/div>\n\t\t\t\t\t\t\t\t\t\t\t\t\t\t<\/a>\n\t\t\t\t\t\t\t<a class=\"e-gallery-item elementor-gallery-item elementor-animated-content\" href=\"https:\/\/heima.solutions\/wp-content\/uploads\/2021\/09\/WhatsApp-Image-2021-09-24-at-15.02.32.jpeg\" data-elementor-open-lightbox=\"yes\" data-elementor-lightbox-slideshow=\"904646a\" data-elementor-lightbox-title=\"WhatsApp Image 2021-09-24 at 15.02.32\" data-e-action-hash=\"#elementor-action%3Aaction%3Dlightbox%26settings%3DeyJpZCI6OTUyLCJ1cmwiOiJodHRwczpcL1wvaGVpbWEuc29sdXRpb25zXC93cC1jb250ZW50XC91cGxvYWRzXC8yMDIxXC8wOVwvV2hhdHNBcHAtSW1hZ2UtMjAyMS0wOS0yNC1hdC0xNS4wMi4zMi5qcGVnIiwic2xpZGVzaG93IjoiOTA0NjQ2YSJ9\">\n\t\t\t\t\t<div class=\"e-gallery-image elementor-gallery-item__image\" data-thumbnail=\"https:\/\/heima.solutions\/wp-content\/uploads\/2021\/09\/WhatsApp-Image-2021-09-24-at-15.02.32.jpeg\" data-width=\"1280\" data-height=\"883\" aria-label=\"\" role=\"img\" ><\/div>\n\t\t\t\t\t\t\t\t\t\t\t\t\t\t<\/a>\n\t\t\t\t\t<\/div>\n\t\t\t\t\t<\/div>\n\t\t\t\t<\/div>\n\t\t\t\t\t<\/div>\n\t\t<\/div>\n\t\t\t\t\t<\/div>\n\t\t<\/section>\n\t\t\t\t<section class=\"elementor-section elementor-top-section elementor-element elementor-element-440f324 elementor-section-boxed elementor-section-height-default elementor-section-height-default\" data-id=\"440f324\" data-element_type=\"section\" data-settings=\"{&quot;background_background&quot;:&quot;classic&quot;}\">\n\t\t\t\t\t\t\t<div class=\"elementor-background-overlay\"><\/div>\n\t\t\t\t\t\t\t<div class=\"elementor-container elementor-column-gap-default\">\n\t\t\t\t\t<div class=\"elementor-column elementor-col-100 elementor-top-column elementor-element elementor-element-b73596f elementor-invisible\" data-id=\"b73596f\" data-element_type=\"column\" data-settings=\"{&quot;animation&quot;:&quot;fadeInRight&quot;}\">\n\t\t\t<div class=\"elementor-widget-wrap elementor-element-populated\">\n\t\t\t\t\t\t<div class=\"elementor-element elementor-element-1d7eafd elementor-widget elementor-widget-text-editor\" data-id=\"1d7eafd\" data-element_type=\"widget\" data-widget_type=\"text-editor.default\">\n\t\t\t\t<div class=\"elementor-widget-container\">\n\t\t\t\t\t\t\t\t\t<p><strong>Soluciones Heima <\/strong>Sin\u00f3nimo de calidad para su obra<\/p>\t\t\t\t\t\t\t\t<\/div>\n\t\t\t\t<\/div>\n\t\t\t\t<div class=\"elementor-element elementor-element-54f887f elementor-align-center elementor-tablet-align-center elementor-widget elementor-widget-button\" data-id=\"54f887f\" data-element_type=\"widget\" data-widget_type=\"button.default\">\n\t\t\t\t<div class=\"elementor-widget-container\">\n\t\t\t\t\t\t\t\t\t<div class=\"elementor-button-wrapper\">\n\t\t\t\t\t<a class=\"elementor-button elementor-button-link elementor-size-md\" href=\"#elementor-action%3Aaction%3Dpopup%3Aopen%26settings%3DeyJpZCI6NjU4LCJ0b2dnbGUiOmZhbHNlfQ%3D%3D\">\n\t\t\t\t\t\t<span class=\"elementor-button-content-wrapper\">\n\t\t\t\t\t\t\t\t\t<span class=\"elementor-button-text\">Solicitar presupuesto<\/span>\n\t\t\t\t\t<\/span>\n\t\t\t\t\t<\/a>\n\t\t\t\t<\/div>\n\t\t\t\t\t\t\t\t<\/div>\n\t\t\t\t<\/div>\n\t\t\t\t\t<\/div>\n\t\t<\/div>\n\t\t\t\t\t<\/div>\n\t\t<\/section>\n\t\t\t\t<\/div>\n\t\t","protected":false},"excerpt":{"rendered":"<p>Soluci\u00f3n inteligente HEIMA Finishings\u00ae HEIMA Finishings\u00ae: \u00a1Transforme sus proyectos con inteligencia y calidad! \u00a1Descubra la excelencia del acabado inteligente con HEIMA Finishings\u00ae! Somos la soluci\u00f3n completa para el revestimiento de su obra, ofreciendo una gama de productos dise\u00f1ados para integrarse perfectamente en los proyectos arquitect\u00f3nicos m\u00e1s diversos. Nuestro compromiso: Protecci\u00f3n y acabado: Desde morteros base [&hellip;]<\/p>\n","protected":false},"author":4,"featured_media":0,"parent":0,"menu_order":0,"comment_status":"closed","ping_status":"closed","template":"elementor_header_footer","meta":{"footnotes":""},"class_list":["post-1418","page","type-page","status-publish","hentry"],"_links":{"self":[{"href":"https:\/\/heima.solutions\/es\/wp-json\/wp\/v2\/pages\/1418","targetHints":{"allow":["GET"]}}],"collection":[{"href":"https:\/\/heima.solutions\/es\/wp-json\/wp\/v2\/pages"}],"about":[{"href":"https:\/\/heima.solutions\/es\/wp-json\/wp\/v2\/types\/page"}],"author":[{"embeddable":true,"href":"https:\/\/heima.solutions\/es\/wp-json\/wp\/v2\/users\/4"}],"replies":[{"embeddable":true,"href":"https:\/\/heima.solutions\/es\/wp-json\/wp\/v2\/comments?post=1418"}],"version-history":[{"count":20,"href":"https:\/\/heima.solutions\/es\/wp-json\/wp\/v2\/pages\/1418\/revisions"}],"predecessor-version":[{"id":2513,"href":"https:\/\/heima.solutions\/es\/wp-json\/wp\/v2\/pages\/1418\/revisions\/2513"}],"wp:attachment":[{"href":"https:\/\/heima.solutions\/es\/wp-json\/wp\/v2\/media?parent=1418"}],"curies":[{"name":"wp","href":"https:\/\/api.w.org\/{rel}","templated":true}]}}