{"id":1488,"date":"2021-08-12T18:53:40","date_gmt":"2021-08-12T21:53:40","guid":{"rendered":"http:\/\/heima.solutions\/heima-proguard\/"},"modified":"2024-07-31T22:22:25","modified_gmt":"2024-07-31T22:22:25","slug":"heima-proguard","status":"publish","type":"page","link":"https:\/\/heima.solutions\/es\/heima-proguard\/","title":{"rendered":"HEIMA ProGUARD"},"content":{"rendered":"\t\t<div data-elementor-type=\"wp-page\" data-elementor-id=\"1488\" class=\"elementor elementor-1488 elementor-563\" data-elementor-post-type=\"page\">\n\t\t\t\t\t\t<section class=\"elementor-section elementor-top-section elementor-element elementor-element-9bf6047 elementor-section-content-middle elementor-section-boxed elementor-section-height-default elementor-section-height-default\" data-id=\"9bf6047\" data-element_type=\"section\" data-settings=\"{&quot;background_background&quot;:&quot;classic&quot;,&quot;background_motion_fx_motion_fx_scrolling&quot;:&quot;yes&quot;,&quot;background_motion_fx_blur_effect&quot;:&quot;yes&quot;,&quot;background_motion_fx_blur_direction&quot;:&quot;out-in&quot;,&quot;background_motion_fx_blur_level&quot;:{&quot;unit&quot;:&quot;px&quot;,&quot;size&quot;:7,&quot;sizes&quot;:[]},&quot;background_motion_fx_blur_range&quot;:{&quot;unit&quot;:&quot;%&quot;,&quot;size&quot;:&quot;&quot;,&quot;sizes&quot;:{&quot;start&quot;:20,&quot;end&quot;:80}},&quot;background_motion_fx_devices&quot;:[&quot;desktop&quot;,&quot;tablet&quot;,&quot;mobile&quot;]}\">\n\t\t\t\t\t\t\t<div class=\"elementor-background-overlay\"><\/div>\n\t\t\t\t\t\t\t<div class=\"elementor-container elementor-column-gap-wide\">\n\t\t\t\t\t<div class=\"elementor-column elementor-col-100 elementor-top-column elementor-element elementor-element-206e9ee\" data-id=\"206e9ee\" data-element_type=\"column\">\n\t\t\t<div class=\"elementor-widget-wrap elementor-element-populated\">\n\t\t\t\t\t\t<div class=\"elementor-element elementor-element-86b8387 elementor-invisible elementor-widget elementor-widget-heading\" data-id=\"86b8387\" data-element_type=\"widget\" data-settings=\"{&quot;_animation&quot;:&quot;fadeIn&quot;,&quot;_animation_delay&quot;:50}\" data-widget_type=\"heading.default\">\n\t\t\t\t<div class=\"elementor-widget-container\">\n\t\t\t\t\t<h1 class=\"elementor-heading-title elementor-size-default\">solu\u00e7\u00e3o eifs (Sistemas de Aislamiento y Acabado Exterior)<\/h1>\t\t\t\t<\/div>\n\t\t\t\t<\/div>\n\t\t\t\t<div class=\"elementor-element elementor-element-53fdc5e elementor-invisible elementor-widget elementor-widget-heading\" data-id=\"53fdc5e\" data-element_type=\"widget\" data-settings=\"{&quot;_animation&quot;:&quot;fadeIn&quot;,&quot;_animation_delay&quot;:100}\" data-widget_type=\"heading.default\">\n\t\t\t\t<div class=\"elementor-widget-container\">\n\t\t\t\t\t<h2 class=\"elementor-heading-title elementor-size-default\">HEIMA ProGUARD<\/h2>\t\t\t\t<\/div>\n\t\t\t\t<\/div>\n\t\t\t\t\t<\/div>\n\t\t<\/div>\n\t\t\t\t\t<\/div>\n\t\t<\/section>\n\t\t\t\t<section class=\"elementor-section elementor-top-section elementor-element elementor-element-f89550f elementor-section-boxed elementor-section-height-default elementor-section-height-default\" data-id=\"f89550f\" data-element_type=\"section\" data-settings=\"{&quot;background_background&quot;:&quot;classic&quot;}\">\n\t\t\t\t\t\t<div class=\"elementor-container elementor-column-gap-default\">\n\t\t\t\t\t<div class=\"elementor-column elementor-col-100 elementor-top-column elementor-element elementor-element-e62dee1\" data-id=\"e62dee1\" data-element_type=\"column\">\n\t\t\t<div class=\"elementor-widget-wrap elementor-element-populated\">\n\t\t\t\t\t\t<div class=\"elementor-element elementor-element-60a4a6f elementor-widget elementor-widget-heading\" data-id=\"60a4a6f\" data-element_type=\"widget\" data-widget_type=\"heading.default\">\n\t\t\t\t<div class=\"elementor-widget-container\">\n\t\t\t\t\t<h3 class=\"elementor-heading-title elementor-size-default\">HEIMA ProGUARD\u00ae: Eficacia y protecci\u00f3n en un solo sistema<\/h3>\t\t\t\t<\/div>\n\t\t\t\t<\/div>\n\t\t\t\t<section class=\"elementor-section elementor-inner-section elementor-element elementor-element-67f2f2c elementor-section-boxed elementor-section-height-default elementor-section-height-default\" data-id=\"67f2f2c\" data-element_type=\"section\">\n\t\t\t\t\t\t<div class=\"elementor-container elementor-column-gap-default\">\n\t\t\t\t\t<div class=\"elementor-column elementor-col-100 elementor-inner-column elementor-element elementor-element-d73971a\" data-id=\"d73971a\" data-element_type=\"column\">\n\t\t\t<div class=\"elementor-widget-wrap elementor-element-populated\">\n\t\t\t\t\t\t<div class=\"elementor-element elementor-element-a9af2e3 elementor-widget elementor-widget-text-editor\" data-id=\"a9af2e3\" data-element_type=\"widget\" data-widget_type=\"text-editor.default\">\n\t\t\t\t<div class=\"elementor-widget-container\">\n\t\t\t\t\t\t\t\t\t<p>Los Paneles de Revestimiento <strong>HEIMA ProGUARD\u00ae<\/strong> representan la c\u00faspide de la eficiencia y la protecci\u00f3n en sistemas de construcci\u00f3n, dise\u00f1ados para sustituir a los sistemas tradicionales de sellado de mamposter\u00eda y ofrecen una alternativa eficaz para el <strong>sellado<\/strong> de estructuras de acero, madera y hormig\u00f3n armado. Tambi\u00e9n pueden utilizarse para revestir paredes de ladrillo y sustituir al yeso, proporcionando <strong>confort<\/strong> <strong>t\u00e9rmico<\/strong> y <strong>ac\u00fastico<\/strong>, as\u00ed como <strong>rapidez<\/strong> y <strong>resistencia<\/strong>.<\/p>\n<p>Este panel se compone de placa de cemento <strong>Util-A-Crete\u00ae<\/strong>, cuya superficie interior est\u00e1 encolada sobre un bloque r\u00edgido de poliestireno (EPS) ign\u00edfugo de 32 kg\/m3 de densidad, clase 7F, que ofrece un aislamiento r\u00edgido continuo y se instala en una fracci\u00f3n del tiempo en comparaci\u00f3n con los m\u00e9todos convencionales.<\/p>\n\t\t\t\t\t\t\t\t<\/div>\n\t\t\t\t<\/div>\n\t\t\t\t<div class=\"elementor-element elementor-element-acb2ae8 elementor-widget elementor-widget-image\" data-id=\"acb2ae8\" data-element_type=\"widget\" data-widget_type=\"image.default\">\n\t\t\t\t<div class=\"elementor-widget-container\">\n\t\t\t\t\t\t\t\t\t\t\t\t\t\t\t<img fetchpriority=\"high\" decoding=\"async\" width=\"512\" height=\"366\" src=\"https:\/\/heima.solutions\/wp-content\/uploads\/2024\/04\/heima.png\" class=\"attachment-large size-large wp-image-1844\" alt=\"sistente:\nA\" srcset=\"https:\/\/heima.solutions\/wp-content\/uploads\/2024\/04\/heima.png 512w, https:\/\/heima.solutions\/wp-content\/uploads\/2024\/04\/heima-300x214.png 300w\" sizes=\"(max-width: 512px) 100vw, 512px\" \/>\t\t\t\t\t\t\t\t\t\t\t\t\t\t\t<\/div>\n\t\t\t\t<\/div>\n\t\t\t\t<div class=\"elementor-element elementor-element-b77136f elementor-widget elementor-widget-heading\" data-id=\"b77136f\" data-element_type=\"widget\" data-widget_type=\"heading.default\">\n\t\t\t\t<div class=\"elementor-widget-container\">\n\t\t\t\t\t<h3 class=\"elementor-heading-title elementor-size-default\">Caracter\u00edsticas principales:<\/h3>\t\t\t\t<\/div>\n\t\t\t\t<\/div>\n\t\t\t\t\t<\/div>\n\t\t<\/div>\n\t\t\t\t\t<\/div>\n\t\t<\/section>\n\t\t\t\t<section class=\"elementor-section elementor-inner-section elementor-element elementor-element-569bc56 elementor-section-boxed elementor-section-height-default elementor-section-height-default\" data-id=\"569bc56\" data-element_type=\"section\">\n\t\t\t\t\t\t<div class=\"elementor-container elementor-column-gap-default\">\n\t\t\t\t\t<div class=\"elementor-column elementor-col-50 elementor-inner-column elementor-element elementor-element-e67616f\" data-id=\"e67616f\" data-element_type=\"column\">\n\t\t\t<div class=\"elementor-widget-wrap elementor-element-populated\">\n\t\t\t\t\t\t<div class=\"elementor-element elementor-element-6655a9a elementor-widget elementor-widget-text-editor\" data-id=\"6655a9a\" data-element_type=\"widget\" data-widget_type=\"text-editor.default\">\n\t\t\t\t<div class=\"elementor-widget-container\">\n\t\t\t\t\t\t\t\t\t<p><strong><\/strong><br \/>M<strong>\u00e9todo EIFS (Exterior Insulation and Finish Systems<\/strong>): Tambi\u00e9n conocido como EIFS, nuestro sistema de paredes ofrece una instalaci\u00f3n significativamente m\u00e1s r\u00e1pida en comparaci\u00f3n con los m\u00e9todos convencionales, garantizando la eficiencia sin comprometer la calidad.<\/p>\n<p><strong><\/strong><br \/>H<strong>ormig\u00f3n<\/strong> ligero<strong>y resistente<\/strong>: La losa de hormig\u00f3n ligero, no estructural y resistente a impactos HEIMA Util-A-Crete\u00ae proporciona una capa continua de aislamiento r\u00edgido, aumentando la durabilidad y resistencia del sistema.<\/p>\n\t\t\t\t\t\t\t\t<\/div>\n\t\t\t\t<\/div>\n\t\t\t\t\t<\/div>\n\t\t<\/div>\n\t\t\t\t<div class=\"elementor-column elementor-col-50 elementor-inner-column elementor-element elementor-element-daf072e\" data-id=\"daf072e\" data-element_type=\"column\">\n\t\t\t<div class=\"elementor-widget-wrap elementor-element-populated\">\n\t\t\t\t\t\t<div class=\"elementor-element elementor-element-b9ebdd5 elementor-widget elementor-widget-text-editor\" data-id=\"b9ebdd5\" data-element_type=\"widget\" data-widget_type=\"text-editor.default\">\n\t\t\t\t<div class=\"elementor-widget-container\">\n\t\t\t\t\t\t\t\t\t<p><strong><\/strong><br \/>P<strong>rotecci\u00f3n t\u00e9rmica superior<\/strong>: Los paneles HEIMA ProGUARD\u00ae cumplen los requisitos m\u00e1s estrictos de aislamiento continuo, proporcionando una protecci\u00f3n t\u00e9rmica excepcional para conseguir ambientes interiores confortables y eficientes.<\/p>\n<p><strong><\/strong><br \/>J<strong>untas herm\u00e9ticamente selladas:<\/strong> Todas las juntas est\u00e1n selladas con impermeabilizante acr\u00edlico y malla de fibra de vidrio, garantizando un sellado herm\u00e9tico que protege contra la intemperie y mantiene la integridad estructural.<\/p>\n\t\t\t\t\t\t\t\t<\/div>\n\t\t\t\t<\/div>\n\t\t\t\t\t<\/div>\n\t\t<\/div>\n\t\t\t\t\t<\/div>\n\t\t<\/section>\n\t\t\t\t<div class=\"elementor-element elementor-element-46954a1 elementor-widget elementor-widget-heading\" data-id=\"46954a1\" data-element_type=\"widget\" data-widget_type=\"heading.default\">\n\t\t\t\t<div class=\"elementor-widget-container\">\n\t\t\t\t\t<h3 class=\"elementor-heading-title elementor-size-default\">M\u00e1s que una valla, una barrera de eficacia y protecci\u00f3n.<\/h3>\t\t\t\t<\/div>\n\t\t\t\t<\/div>\n\t\t\t\t<div class=\"elementor-element elementor-element-89c2c1e elementor-widget elementor-widget-gallery\" data-id=\"89c2c1e\" data-element_type=\"widget\" data-settings=\"{&quot;columns&quot;:3,&quot;gap&quot;:{&quot;unit&quot;:&quot;px&quot;,&quot;size&quot;:8,&quot;sizes&quot;:[]},&quot;_animation&quot;:&quot;none&quot;,&quot;aspect_ratio&quot;:&quot;1:1&quot;,&quot;lazyload&quot;:&quot;yes&quot;,&quot;gallery_layout&quot;:&quot;grid&quot;,&quot;columns_tablet&quot;:2,&quot;columns_mobile&quot;:1,&quot;gap_tablet&quot;:{&quot;unit&quot;:&quot;px&quot;,&quot;size&quot;:10,&quot;sizes&quot;:[]},&quot;gap_mobile&quot;:{&quot;unit&quot;:&quot;px&quot;,&quot;size&quot;:10,&quot;sizes&quot;:[]},&quot;link_to&quot;:&quot;file&quot;,&quot;content_hover_animation&quot;:&quot;fade-in&quot;}\" data-widget_type=\"gallery.default\">\n\t\t\t\t<div class=\"elementor-widget-container\">\n\t\t\t\t\t\t\t<div class=\"elementor-gallery__container\">\n\t\t\t\t\t\t\t<a class=\"e-gallery-item elementor-gallery-item elementor-animated-content\" href=\"https:\/\/heima.solutions\/wp-content\/uploads\/2021\/09\/unnamed-1.jpg\" data-elementor-open-lightbox=\"yes\" data-elementor-lightbox-slideshow=\"89c2c1e\" data-elementor-lightbox-title=\"placa de concreto\" data-e-action-hash=\"#elementor-action%3Aaction%3Dlightbox%26settings%3DeyJpZCI6OTQ2LCJ1cmwiOiJodHRwczpcL1wvaGVpbWEuc29sdXRpb25zXC93cC1jb250ZW50XC91cGxvYWRzXC8yMDIxXC8wOVwvdW5uYW1lZC0xLmpwZyIsInNsaWRlc2hvdyI6Ijg5YzJjMWUifQ%3D%3D\">\n\t\t\t\t\t<div class=\"e-gallery-image elementor-gallery-item__image\" data-thumbnail=\"https:\/\/heima.solutions\/wp-content\/uploads\/2021\/09\/unnamed-1.jpg\" data-width=\"512\" data-height=\"341\" aria-label=\"placa de concreto\" role=\"img\" ><\/div>\n\t\t\t\t\t\t\t\t\t\t\t\t\t\t<\/a>\n\t\t\t\t\t\t\t<a class=\"e-gallery-item elementor-gallery-item elementor-animated-content\" href=\"https:\/\/heima.solutions\/wp-content\/uploads\/2021\/09\/WhatsApp-Image-2021-09-24-at-15.02.33.jpeg\" data-elementor-open-lightbox=\"yes\" data-elementor-lightbox-slideshow=\"89c2c1e\" data-elementor-lightbox-title=\"WhatsApp Image 2021-09-24 at 15.02.33\" data-e-action-hash=\"#elementor-action%3Aaction%3Dlightbox%26settings%3DeyJpZCI6OTU2LCJ1cmwiOiJodHRwczpcL1wvaGVpbWEuc29sdXRpb25zXC93cC1jb250ZW50XC91cGxvYWRzXC8yMDIxXC8wOVwvV2hhdHNBcHAtSW1hZ2UtMjAyMS0wOS0yNC1hdC0xNS4wMi4zMy5qcGVnIiwic2xpZGVzaG93IjoiODljMmMxZSJ9\">\n\t\t\t\t\t<div class=\"e-gallery-image elementor-gallery-item__image\" data-thumbnail=\"https:\/\/heima.solutions\/wp-content\/uploads\/2021\/09\/WhatsApp-Image-2021-09-24-at-15.02.33.jpeg\" data-width=\"1280\" data-height=\"848\" aria-label=\"\" role=\"img\" ><\/div>\n\t\t\t\t\t\t\t\t\t\t\t\t\t\t<\/a>\n\t\t\t\t\t\t\t<a class=\"e-gallery-item elementor-gallery-item elementor-animated-content\" href=\"https:\/\/heima.solutions\/wp-content\/uploads\/2024\/04\/SENAR-1.png\" data-elementor-open-lightbox=\"yes\" data-elementor-lightbox-slideshow=\"89c2c1e\" data-elementor-lightbox-title=\"SENAR (1)\" data-e-action-hash=\"#elementor-action%3Aaction%3Dlightbox%26settings%3DeyJpZCI6MTg0NiwidXJsIjoiaHR0cHM6XC9cL2hlaW1hLnNvbHV0aW9uc1wvd3AtY29udGVudFwvdXBsb2Fkc1wvMjAyNFwvMDRcL1NFTkFSLTEucG5nIiwic2xpZGVzaG93IjoiODljMmMxZSJ9\">\n\t\t\t\t\t<div class=\"e-gallery-image elementor-gallery-item__image\" data-thumbnail=\"https:\/\/heima.solutions\/wp-content\/uploads\/2024\/04\/SENAR-1.png\" data-width=\"1014\" data-height=\"1021\" aria-label=\"\" role=\"img\" ><\/div>\n\t\t\t\t\t\t\t\t\t\t\t\t\t\t<\/a>\n\t\t\t\t\t<\/div>\n\t\t\t\t\t<\/div>\n\t\t\t\t<\/div>\n\t\t\t\t\t<\/div>\n\t\t<\/div>\n\t\t\t\t\t<\/div>\n\t\t<\/section>\n\t\t\t\t<section class=\"elementor-section elementor-top-section elementor-element elementor-element-56bab9e elementor-section-boxed elementor-section-height-default elementor-section-height-default\" data-id=\"56bab9e\" data-element_type=\"section\" data-settings=\"{&quot;background_background&quot;:&quot;classic&quot;}\">\n\t\t\t\t\t\t\t<div class=\"elementor-background-overlay\"><\/div>\n\t\t\t\t\t\t\t<div class=\"elementor-container elementor-column-gap-default\">\n\t\t\t\t\t<div class=\"elementor-column elementor-col-50 elementor-top-column elementor-element elementor-element-7a63a3e elementor-invisible\" data-id=\"7a63a3e\" data-element_type=\"column\" data-settings=\"{&quot;animation&quot;:&quot;fadeIn&quot;}\">\n\t\t\t<div class=\"elementor-widget-wrap elementor-element-populated\">\n\t\t\t\t\t\t<div class=\"elementor-element elementor-element-9c4c576 elementor-widget elementor-widget-text-editor\" data-id=\"9c4c576\" data-element_type=\"widget\" data-widget_type=\"text-editor.default\">\n\t\t\t\t<div class=\"elementor-widget-container\">\n\t\t\t\t\t\t\t\t\t<p>M\u00e1s ventajas de los paneles HEIMA ProGUARD<\/p>\n\t\t\t\t\t\t\t\t<\/div>\n\t\t\t\t<\/div>\n\t\t\t\t<div class=\"elementor-element elementor-element-a59dd97 elementor-widget elementor-widget-text-editor\" data-id=\"a59dd97\" data-element_type=\"widget\" data-widget_type=\"text-editor.default\">\n\t\t\t\t<div class=\"elementor-widget-container\">\n\t\t\t\t\t\t\t\t\t<p>Descubra las ventajas adicionales que hacen de los paneles HEIMA ProGUARD\u00ae la elecci\u00f3n inteligente para su edificio:<\/p>\n\t\t\t\t\t\t\t\t<\/div>\n\t\t\t\t<\/div>\n\t\t\t\t<div class=\"elementor-element elementor-element-dbb01c7 elementor-icon-list--layout-traditional elementor-list-item-link-full_width elementor-widget elementor-widget-icon-list\" data-id=\"dbb01c7\" data-element_type=\"widget\" data-widget_type=\"icon-list.default\">\n\t\t\t\t<div class=\"elementor-widget-container\">\n\t\t\t\t\t\t\t<ul class=\"elementor-icon-list-items\">\n\t\t\t\t\t\t\t<li class=\"elementor-icon-list-item\">\n\t\t\t\t\t\t\t\t\t\t\t<span class=\"elementor-icon-list-icon\">\n\t\t\t\t\t\t\t<i aria-hidden=\"true\" class=\"fas fa-check\"><\/i>\t\t\t\t\t\t<\/span>\n\t\t\t\t\t\t\t\t\t\t<span class=\"elementor-icon-list-text\">Protecci\u00f3n integrada contra la humedad: No necesita barreras adicionales contra la humedad, lo que proporciona una soluci\u00f3n resistente y duradera.<\/span>\n\t\t\t\t\t\t\t\t\t<\/li>\n\t\t\t\t\t\t\t\t<li class=\"elementor-icon-list-item\">\n\t\t\t\t\t\t\t\t\t\t\t<span class=\"elementor-icon-list-icon\">\n\t\t\t\t\t\t\t<i aria-hidden=\"true\" class=\"fas fa-check\"><\/i>\t\t\t\t\t\t<\/span>\n\t\t\t\t\t\t\t\t\t\t<span class=\"elementor-icon-list-text\">Versatilidad en la instalaci\u00f3n: Pueden cortarse con una sierra circular con punta de carburo, ofreciendo versatilidad y adaptabilidad a las necesidades espec\u00edficas de su edificio.<\/span>\n\t\t\t\t\t\t\t\t\t<\/li>\n\t\t\t\t\t\t\t\t<li class=\"elementor-icon-list-item\">\n\t\t\t\t\t\t\t\t\t\t\t<span class=\"elementor-icon-list-icon\">\n\t\t\t\t\t\t\t<i aria-hidden=\"true\" class=\"fas fa-check\"><\/i>\t\t\t\t\t\t<\/span>\n\t\t\t\t\t\t\t\t\t\t<span class=\"elementor-icon-list-text\">Seguridad para los trabajadores: Sin fibra de vidrio en su composici\u00f3n, los paneles HEIMA ProGUARD\u00ae priorizan la seguridad, evitando da\u00f1os a los trabajadores durante la instalaci\u00f3n.<\/span>\n\t\t\t\t\t\t\t\t\t<\/li>\n\t\t\t\t\t\t<\/ul>\n\t\t\t\t\t\t<\/div>\n\t\t\t\t<\/div>\n\t\t\t\t\t<\/div>\n\t\t<\/div>\n\t\t\t\t<div class=\"elementor-column elementor-col-50 elementor-top-column elementor-element elementor-element-d8d61f3 elementor-invisible\" data-id=\"d8d61f3\" data-element_type=\"column\" data-settings=\"{&quot;animation&quot;:&quot;fadeIn&quot;}\">\n\t\t\t<div class=\"elementor-widget-wrap elementor-element-populated\">\n\t\t\t\t\t\t<div class=\"elementor-element elementor-element-8ebcdd1 elementor-icon-list--layout-traditional elementor-list-item-link-full_width elementor-widget elementor-widget-icon-list\" data-id=\"8ebcdd1\" data-element_type=\"widget\" data-widget_type=\"icon-list.default\">\n\t\t\t\t<div class=\"elementor-widget-container\">\n\t\t\t\t\t\t\t<ul class=\"elementor-icon-list-items\">\n\t\t\t\t\t\t\t<li class=\"elementor-icon-list-item\">\n\t\t\t\t\t\t\t\t\t\t\t<span class=\"elementor-icon-list-icon\">\n\t\t\t\t\t\t\t<i aria-hidden=\"true\" class=\"fas fa-check\"><\/i>\t\t\t\t\t\t<\/span>\n\t\t\t\t\t\t\t\t\t\t<span class=\"elementor-icon-list-text\">Resistencia a la intemperie: Puede exponerse a condiciones clim\u00e1ticas adversas antes de aplicar los acabados, lo que garantiza su robustez incluso durante el proceso de construcci\u00f3n.<\/span>\n\t\t\t\t\t\t\t\t\t<\/li>\n\t\t\t\t\t\t\t\t<li class=\"elementor-icon-list-item\">\n\t\t\t\t\t\t\t\t\t\t\t<span class=\"elementor-icon-list-icon\">\n\t\t\t\t\t\t\t<i aria-hidden=\"true\" class=\"fas fa-check\"><\/i>\t\t\t\t\t\t<\/span>\n\t\t\t\t\t\t\t\t\t\t<span class=\"elementor-icon-list-text\">Acabado r\u00e1pido: Pueden acabarse el mismo d\u00eda de la instalaci\u00f3n, lo que aporta eficacia y rapidez al programa de trabajo.<\/span>\n\t\t\t\t\t\t\t\t\t<\/li>\n\t\t\t\t\t\t\t\t<li class=\"elementor-icon-list-item\">\n\t\t\t\t\t\t\t\t\t\t\t<span class=\"elementor-icon-list-icon\">\n\t\t\t\t\t\t\t<i aria-hidden=\"true\" class=\"fas fa-check\"><\/i>\t\t\t\t\t\t<\/span>\n\t\t\t\t\t\t\t\t\t\t<span class=\"elementor-icon-list-text\">Capacidad superior para revestimientos: Tienen una gran capacidad de fijaci\u00f3n de revestimientos exteriores, ofreciendo flexibilidad de dise\u00f1o y est\u00e9tica.<\/span>\n\t\t\t\t\t\t\t\t\t<\/li>\n\t\t\t\t\t\t\t\t<li class=\"elementor-icon-list-item\">\n\t\t\t\t\t\t\t\t\t\t\t<span class=\"elementor-icon-list-icon\">\n\t\t\t\t\t\t\t<i aria-hidden=\"true\" class=\"fas fa-check\"><\/i>\t\t\t\t\t\t<\/span>\n\t\t\t\t\t\t\t\t\t\t<span class=\"elementor-icon-list-text\">Instalaci\u00f3n sin complicaciones: Su instalaci\u00f3n es r\u00e1pida y sencilla, proporcionando practicidad sin comprometer la calidad.<\/span>\n\t\t\t\t\t\t\t\t\t<\/li>\n\t\t\t\t\t\t<\/ul>\n\t\t\t\t\t\t<\/div>\n\t\t\t\t<\/div>\n\t\t\t\t<div class=\"elementor-element elementor-element-c948bb4 elementor-widget elementor-widget-heading\" data-id=\"c948bb4\" data-element_type=\"widget\" data-widget_type=\"heading.default\">\n\t\t\t\t<div class=\"elementor-widget-container\">\n\t\t\t\t\t<h3 class=\"elementor-heading-title elementor-size-default\">HEIMA ProGUARD\u00ae: M\u00e1s que paneles, una soluci\u00f3n completa.<\/h3>\t\t\t\t<\/div>\n\t\t\t\t<\/div>\n\t\t\t\t\t<\/div>\n\t\t<\/div>\n\t\t\t\t\t<\/div>\n\t\t<\/section>\n\t\t\t\t<section class=\"elementor-section elementor-top-section elementor-element elementor-element-0487471 elementor-section-boxed elementor-section-height-default elementor-section-height-default\" data-id=\"0487471\" data-element_type=\"section\" data-settings=\"{&quot;background_background&quot;:&quot;classic&quot;}\">\n\t\t\t\t\t\t\t<div class=\"elementor-background-overlay\"><\/div>\n\t\t\t\t\t\t\t<div class=\"elementor-container elementor-column-gap-default\">\n\t\t\t\t\t<div class=\"elementor-column elementor-col-100 elementor-top-column elementor-element elementor-element-93baf18 elementor-invisible\" data-id=\"93baf18\" data-element_type=\"column\" data-settings=\"{&quot;animation&quot;:&quot;fadeInRight&quot;}\">\n\t\t\t<div class=\"elementor-widget-wrap elementor-element-populated\">\n\t\t\t\t\t\t<div class=\"elementor-element elementor-element-83c40c2 elementor-widget elementor-widget-text-editor\" data-id=\"83c40c2\" data-element_type=\"widget\" data-widget_type=\"text-editor.default\">\n\t\t\t\t<div class=\"elementor-widget-container\">\n\t\t\t\t\t\t\t\t\t<p><strong>Heima Solutions<\/strong><br \/>Sin\u00f4nimo de qualidade para a sua obra<\/p>\n\t\t\t\t\t\t\t\t<\/div>\n\t\t\t\t<\/div>\n\t\t\t\t<div class=\"elementor-element elementor-element-cf2357b elementor-align-center elementor-tablet-align-center elementor-widget elementor-widget-button\" data-id=\"cf2357b\" data-element_type=\"widget\" data-widget_type=\"button.default\">\n\t\t\t\t<div class=\"elementor-widget-container\">\n\t\t\t\t\t\t\t\t\t<div class=\"elementor-button-wrapper\">\n\t\t\t\t\t<a class=\"elementor-button elementor-button-link elementor-size-md\" href=\"#elementor-action%3Aaction%3Dpopup%3Aopen%26settings%3DeyJpZCI6NjU4LCJ0b2dnbGUiOmZhbHNlfQ%3D%3D\">\n\t\t\t\t\t\t<span class=\"elementor-button-content-wrapper\">\n\t\t\t\t\t\t\t\t\t<span class=\"elementor-button-text\">Solicitar presupuesto<\/span>\n\t\t\t\t\t<\/span>\n\t\t\t\t\t<\/a>\n\t\t\t\t<\/div>\n\t\t\t\t\t\t\t\t<\/div>\n\t\t\t\t<\/div>\n\t\t\t\t\t<\/div>\n\t\t<\/div>\n\t\t\t\t\t<\/div>\n\t\t<\/section>\n\t\t\t\t<\/div>\n\t\t","protected":false},"excerpt":{"rendered":"<p>solu\u00e7\u00e3o eifs (Sistemas de Aislamiento y Acabado Exterior) HEIMA ProGUARD HEIMA ProGUARD\u00ae: Eficacia y protecci\u00f3n en un solo sistema Los Paneles de Revestimiento HEIMA ProGUARD\u00ae representan la c\u00faspide de la eficiencia y la protecci\u00f3n en sistemas de construcci\u00f3n, dise\u00f1ados para sustituir a los sistemas tradicionales de sellado de mamposter\u00eda y ofrecen una alternativa eficaz para [&hellip;]<\/p>\n","protected":false},"author":1,"featured_media":0,"parent":0,"menu_order":0,"comment_status":"closed","ping_status":"closed","template":"elementor_header_footer","meta":{"footnotes":""},"class_list":["post-1488","page","type-page","status-publish","hentry"],"_links":{"self":[{"href":"https:\/\/heima.solutions\/es\/wp-json\/wp\/v2\/pages\/1488","targetHints":{"allow":["GET"]}}],"collection":[{"href":"https:\/\/heima.solutions\/es\/wp-json\/wp\/v2\/pages"}],"about":[{"href":"https:\/\/heima.solutions\/es\/wp-json\/wp\/v2\/types\/page"}],"author":[{"embeddable":true,"href":"https:\/\/heima.solutions\/es\/wp-json\/wp\/v2\/users\/1"}],"replies":[{"embeddable":true,"href":"https:\/\/heima.solutions\/es\/wp-json\/wp\/v2\/comments?post=1488"}],"version-history":[{"count":26,"href":"https:\/\/heima.solutions\/es\/wp-json\/wp\/v2\/pages\/1488\/revisions"}],"predecessor-version":[{"id":2440,"href":"https:\/\/heima.solutions\/es\/wp-json\/wp\/v2\/pages\/1488\/revisions\/2440"}],"wp:attachment":[{"href":"https:\/\/heima.solutions\/es\/wp-json\/wp\/v2\/media?parent=1488"}],"curies":[{"name":"wp","href":"https:\/\/api.w.org\/{rel}","templated":true}]}}