{"id":1547,"date":"2021-09-09T03:15:31","date_gmt":"2021-09-09T03:15:31","guid":{"rendered":"http:\/\/heima.solutions\/soluciones-financieras-de-heima\/"},"modified":"2024-08-01T17:57:29","modified_gmt":"2024-08-01T17:57:29","slug":"soluciones-financieras-de-heima","status":"publish","type":"page","link":"https:\/\/heima.solutions\/es\/soluciones-financieras-de-heima\/","title":{"rendered":"Soluciones financieras de HEIMA"},"content":{"rendered":"\t\t<div data-elementor-type=\"wp-post\" data-elementor-id=\"1547\" class=\"elementor elementor-1547 elementor-830\" data-elementor-post-type=\"page\">\n\t\t\t\t\t\t<section class=\"elementor-section elementor-top-section elementor-element elementor-element-7a522d0 elementor-section-content-middle elementor-section-boxed elementor-section-height-default elementor-section-height-default\" data-id=\"7a522d0\" data-element_type=\"section\" data-settings=\"{&quot;background_background&quot;:&quot;classic&quot;,&quot;background_motion_fx_motion_fx_scrolling&quot;:&quot;yes&quot;,&quot;background_motion_fx_blur_effect&quot;:&quot;yes&quot;,&quot;background_motion_fx_blur_direction&quot;:&quot;out-in&quot;,&quot;background_motion_fx_blur_level&quot;:{&quot;unit&quot;:&quot;px&quot;,&quot;size&quot;:7,&quot;sizes&quot;:[]},&quot;background_motion_fx_blur_range&quot;:{&quot;unit&quot;:&quot;%&quot;,&quot;size&quot;:&quot;&quot;,&quot;sizes&quot;:{&quot;start&quot;:20,&quot;end&quot;:80}},&quot;background_motion_fx_devices&quot;:[&quot;desktop&quot;,&quot;tablet&quot;,&quot;mobile&quot;]}\">\n\t\t\t\t\t\t\t<div class=\"elementor-background-overlay\"><\/div>\n\t\t\t\t\t\t\t<div class=\"elementor-container elementor-column-gap-wide\">\n\t\t\t\t\t<div class=\"elementor-column elementor-col-100 elementor-top-column elementor-element elementor-element-84c0d20\" data-id=\"84c0d20\" data-element_type=\"column\">\n\t\t\t<div class=\"elementor-widget-wrap elementor-element-populated\">\n\t\t\t\t\t\t<div class=\"elementor-element elementor-element-4ea7756 elementor-invisible elementor-widget elementor-widget-heading\" data-id=\"4ea7756\" data-element_type=\"widget\" data-settings=\"{&quot;_animation&quot;:&quot;fadeIn&quot;,&quot;_animation_delay&quot;:50}\" data-widget_type=\"heading.default\">\n\t\t\t\t<div class=\"elementor-widget-container\">\n\t\t\t\t\t<h1 class=\"elementor-heading-title elementor-size-default\">SEGURIDAD Garantizada<\/h1>\t\t\t\t<\/div>\n\t\t\t\t<\/div>\n\t\t\t\t<div class=\"elementor-element elementor-element-a28b48d elementor-invisible elementor-widget elementor-widget-heading\" data-id=\"a28b48d\" data-element_type=\"widget\" data-settings=\"{&quot;_animation&quot;:&quot;fadeIn&quot;,&quot;_animation_delay&quot;:100}\" data-widget_type=\"heading.default\">\n\t\t\t\t<div class=\"elementor-widget-container\">\n\t\t\t\t\t<h2 class=\"elementor-heading-title elementor-size-default\">Soluciones financieras HEIMA<\/h2>\t\t\t\t<\/div>\n\t\t\t\t<\/div>\n\t\t\t\t\t<\/div>\n\t\t<\/div>\n\t\t\t\t\t<\/div>\n\t\t<\/section>\n\t\t\t\t<section class=\"elementor-section elementor-top-section elementor-element elementor-element-1e3fc4e elementor-section-boxed elementor-section-height-default elementor-section-height-default\" data-id=\"1e3fc4e\" data-element_type=\"section\" data-settings=\"{&quot;background_background&quot;:&quot;classic&quot;}\">\n\t\t\t\t\t\t<div class=\"elementor-container elementor-column-gap-default\">\n\t\t\t\t\t<div class=\"elementor-column elementor-col-100 elementor-top-column elementor-element elementor-element-d4effbc\" data-id=\"d4effbc\" data-element_type=\"column\">\n\t\t\t<div class=\"elementor-widget-wrap elementor-element-populated\">\n\t\t\t\t\t\t<div class=\"elementor-element elementor-element-0051eb9 elementor-widget elementor-widget-heading\" data-id=\"0051eb9\" data-element_type=\"widget\" data-widget_type=\"heading.default\">\n\t\t\t\t<div class=\"elementor-widget-container\">\n\t\t\t\t\t<h3 class=\"elementor-heading-title elementor-size-default\">Soluciones financieras HEIMA: convertir sus proyectos en realidad<\/h3>\t\t\t\t<\/div>\n\t\t\t\t<\/div>\n\t\t\t\t<div class=\"elementor-element elementor-element-9e066e9 elementor-widget elementor-widget-text-editor\" data-id=\"9e066e9\" data-element_type=\"widget\" data-widget_type=\"text-editor.default\">\n\t\t\t\t<div class=\"elementor-widget-container\">\n\t\t\t\t\t\t\t\t\t<p>Bienvenido a HEIMA Financial Services\u2122, donde ofrecemos un paquete completo de soluciones financieras para satisfacer sus necesidades. Como parte de la familia HEIMA, HFS\u2122 est\u00e1 listo para proporcionar apoyo financiero, haciendo de su proyecto una realidad.<\/p>\n\t\t\t\t\t\t\t\t<\/div>\n\t\t\t\t<\/div>\n\t\t\t\t<section class=\"elementor-section elementor-inner-section elementor-element elementor-element-4e4361a elementor-section-boxed elementor-section-height-default elementor-section-height-default\" data-id=\"4e4361a\" data-element_type=\"section\">\n\t\t\t\t\t\t<div class=\"elementor-container elementor-column-gap-default\">\n\t\t\t\t\t<div class=\"elementor-column elementor-col-50 elementor-inner-column elementor-element elementor-element-59bff51\" data-id=\"59bff51\" data-element_type=\"column\">\n\t\t\t<div class=\"elementor-widget-wrap elementor-element-populated\">\n\t\t\t\t\t\t<div class=\"elementor-element elementor-element-49614eb elementor-widget elementor-widget-text-editor\" data-id=\"49614eb\" data-element_type=\"widget\" data-widget_type=\"text-editor.default\">\n\t\t\t\t<div class=\"elementor-widget-container\">\n\t\t\t\t\t\t\t\t\t<h4><strong>Por qu\u00e9 elegir HFS\u2122:<\/strong><\/h4><p><strong>Equipo de profesionales financieros:<\/strong> Contamos con un equipo dedicado de profesionales financieros que entienden sus necesidades y est\u00e1n listos para ayudarle a encontrar la soluci\u00f3n ideal para su proyecto, flujo de caja y presupuesto.<\/p><p>\u00a0<\/p><p><strong>Simplificaci\u00f3n del proceso de financiaci\u00f3n:<\/strong> Nuestro objetivo es simplificar el proceso de obtenci\u00f3n de financiaci\u00f3n ofreciendo orientaci\u00f3n fiable, flexibilidad y rapidez. Le permitimos centrar su tiempo en hacer realidad su sue\u00f1o.<\/p>\t\t\t\t\t\t\t\t<\/div>\n\t\t\t\t<\/div>\n\t\t\t\t\t<\/div>\n\t\t<\/div>\n\t\t\t\t<div class=\"elementor-column elementor-col-50 elementor-inner-column elementor-element elementor-element-ae4d3d8\" data-id=\"ae4d3d8\" data-element_type=\"column\">\n\t\t\t<div class=\"elementor-widget-wrap elementor-element-populated\">\n\t\t\t\t\t\t<div class=\"elementor-element elementor-element-f8c47ab elementor-widget elementor-widget-text-editor\" data-id=\"f8c47ab\" data-element_type=\"widget\" data-widget_type=\"text-editor.default\">\n\t\t\t\t<div class=\"elementor-widget-container\">\n\t\t\t\t\t\t\t\t\t<h4><strong><span lang=\"pt-BR\">O<\/span>pciones de Financiaci\u00f3n HEIMA:<\/strong><\/h4><p><strong>Financiaci\u00f3n de Vivienda:<\/strong><\/p><ul><li><p><strong><span lang=\"pt-BR\">Adquisici\u00f3n de <\/span><\/strong><span lang=\"pt-BR\"><strong>Vivienda:<\/strong> L\u00ednea de cr\u00e9dito para adquirir una vivienda, con un plazo de pago de hasta 30 a\u00f1os<\/span>.<\/p><\/li><li><p><strong>Construcci\u00f3n y Rehabilitaci\u00f3n:<\/strong> Financiaci\u00f3n para construir o reformar su vivienda.<\/p><\/li><\/ul><ul><li><p><span lang=\"pt-BR\"><strong>Consorcio<\/strong>: Planificaci\u00f3n de la compra de una vivienda de forma econ\u00f3mica y planificada<\/span>.<\/p><\/li><\/ul><p><strong>Vivienda enpropiedad:<\/strong> Financiaci\u00f3n con garant\u00eda inmobiliaria, que permite destinar los fondos a la compra o construcci\u00f3n de una nueva vivienda.<\/p>\t\t\t\t\t\t\t\t<\/div>\n\t\t\t\t<\/div>\n\t\t\t\t\t<\/div>\n\t\t<\/div>\n\t\t\t\t\t<\/div>\n\t\t<\/section>\n\t\t\t\t<div class=\"elementor-element elementor-element-131bf28 elementor-widget elementor-widget-text-editor\" data-id=\"131bf28\" data-element_type=\"widget\" data-widget_type=\"text-editor.default\">\n\t\t\t\t<div class=\"elementor-widget-container\">\n\t\t\t\t\t\t\t\t\t<p>P\u00f3ngase en contacto con HEIMA Financial Services\u2122 y obtenga el apoyo que necesita para realizar su proyecto. Tanto si es cliente como revendedor, estamos aqu\u00ed para ayudarle a tomar las decisiones correctas para financiar su proyecto HEIMA.<\/p>\n\t\t\t\t\t\t\t\t<\/div>\n\t\t\t\t<\/div>\n\t\t\t\t<div class=\"elementor-element elementor-element-2427c87 elementor-widget elementor-widget-gallery\" data-id=\"2427c87\" data-element_type=\"widget\" data-settings=\"{&quot;columns&quot;:2,&quot;gap&quot;:{&quot;unit&quot;:&quot;px&quot;,&quot;size&quot;:8,&quot;sizes&quot;:[]},&quot;_animation&quot;:&quot;none&quot;,&quot;lazyload&quot;:&quot;yes&quot;,&quot;gallery_layout&quot;:&quot;grid&quot;,&quot;columns_tablet&quot;:2,&quot;columns_mobile&quot;:1,&quot;gap_tablet&quot;:{&quot;unit&quot;:&quot;px&quot;,&quot;size&quot;:10,&quot;sizes&quot;:[]},&quot;gap_mobile&quot;:{&quot;unit&quot;:&quot;px&quot;,&quot;size&quot;:10,&quot;sizes&quot;:[]},&quot;link_to&quot;:&quot;file&quot;,&quot;aspect_ratio&quot;:&quot;3:2&quot;,&quot;content_hover_animation&quot;:&quot;fade-in&quot;}\" data-widget_type=\"gallery.default\">\n\t\t\t\t<div class=\"elementor-widget-container\">\n\t\t\t\t\t\t\t<div class=\"elementor-gallery__container\">\n\t\t\t\t\t\t\t<a class=\"e-gallery-item elementor-gallery-item elementor-animated-content\" href=\"https:\/\/heima.solutions\/wp-content\/uploads\/2021\/09\/scott-graham-5fNmWej4tAA-unsplash.jpg\" data-elementor-open-lightbox=\"yes\" data-elementor-lightbox-slideshow=\"2427c87\" data-elementor-lightbox-title=\"scott-graham-5fNmWej4tAA-unsplash\" data-e-action-hash=\"#elementor-action%3Aaction%3Dlightbox%26settings%3DeyJpZCI6ODM2LCJ1cmwiOiJodHRwczpcL1wvaGVpbWEuc29sdXRpb25zXC93cC1jb250ZW50XC91cGxvYWRzXC8yMDIxXC8wOVwvc2NvdHQtZ3JhaGFtLTVmTm1XZWo0dEFBLXVuc3BsYXNoLmpwZyIsInNsaWRlc2hvdyI6IjI0MjdjODcifQ%3D%3D\">\n\t\t\t\t\t<div class=\"e-gallery-image elementor-gallery-item__image\" data-thumbnail=\"https:\/\/heima.solutions\/wp-content\/uploads\/2021\/09\/scott-graham-5fNmWej4tAA-unsplash.jpg\" data-width=\"1920\" data-height=\"1281\" aria-label=\"\" role=\"img\" ><\/div>\n\t\t\t\t\t\t\t\t\t\t\t\t\t\t<\/a>\n\t\t\t\t\t\t\t<a class=\"e-gallery-item elementor-gallery-item elementor-animated-content\" href=\"https:\/\/heima.solutions\/wp-content\/uploads\/2021\/09\/christina-wocintechchat-com-4PU-OC8sW98-unsplash.jpg\" data-elementor-open-lightbox=\"yes\" data-elementor-lightbox-slideshow=\"2427c87\" data-elementor-lightbox-title=\"christina-wocintechchat-com-4PU-OC8sW98-unsplash\" data-e-action-hash=\"#elementor-action%3Aaction%3Dlightbox%26settings%3DeyJpZCI6ODM1LCJ1cmwiOiJodHRwczpcL1wvaGVpbWEuc29sdXRpb25zXC93cC1jb250ZW50XC91cGxvYWRzXC8yMDIxXC8wOVwvY2hyaXN0aW5hLXdvY2ludGVjaGNoYXQtY29tLTRQVS1PQzhzVzk4LXVuc3BsYXNoLmpwZyIsInNsaWRlc2hvdyI6IjI0MjdjODcifQ%3D%3D\">\n\t\t\t\t\t<div class=\"e-gallery-image elementor-gallery-item__image\" data-thumbnail=\"https:\/\/heima.solutions\/wp-content\/uploads\/2021\/09\/christina-wocintechchat-com-4PU-OC8sW98-unsplash.jpg\" data-width=\"1920\" data-height=\"1282\" aria-label=\"\" role=\"img\" ><\/div>\n\t\t\t\t\t\t\t\t\t\t\t\t\t\t<\/a>\n\t\t\t\t\t<\/div>\n\t\t\t\t\t<\/div>\n\t\t\t\t<\/div>\n\t\t\t\t\t<\/div>\n\t\t<\/div>\n\t\t\t\t\t<\/div>\n\t\t<\/section>\n\t\t\t\t<section class=\"elementor-section elementor-top-section elementor-element elementor-element-912f83c elementor-section-boxed elementor-section-height-default elementor-section-height-default\" data-id=\"912f83c\" data-element_type=\"section\" data-settings=\"{&quot;background_background&quot;:&quot;classic&quot;}\">\n\t\t\t\t\t\t\t<div class=\"elementor-background-overlay\"><\/div>\n\t\t\t\t\t\t\t<div class=\"elementor-container elementor-column-gap-default\">\n\t\t\t\t\t<div class=\"elementor-column elementor-col-100 elementor-top-column elementor-element elementor-element-64842bf elementor-invisible\" data-id=\"64842bf\" data-element_type=\"column\" data-settings=\"{&quot;animation&quot;:&quot;fadeInRight&quot;}\">\n\t\t\t<div class=\"elementor-widget-wrap elementor-element-populated\">\n\t\t\t\t\t\t<div class=\"elementor-element elementor-element-576b8d4 elementor-widget elementor-widget-text-editor\" data-id=\"576b8d4\" data-element_type=\"widget\" data-widget_type=\"text-editor.default\">\n\t\t\t\t<div class=\"elementor-widget-container\">\n\t\t\t\t\t\t\t\t\t<p><strong>Soluciones Heima<\/strong> Sin\u00f3nimo de calidad para su obra<\/p>\t\t\t\t\t\t\t\t<\/div>\n\t\t\t\t<\/div>\n\t\t\t\t<div class=\"elementor-element elementor-element-f422df8 elementor-align-center elementor-tablet-align-center elementor-widget elementor-widget-button\" data-id=\"f422df8\" data-element_type=\"widget\" data-widget_type=\"button.default\">\n\t\t\t\t<div class=\"elementor-widget-container\">\n\t\t\t\t\t\t\t\t\t<div class=\"elementor-button-wrapper\">\n\t\t\t\t\t<a class=\"elementor-button elementor-button-link elementor-size-md\" href=\"#elementor-action%3Aaction%3Dpopup%3Aopen%26settings%3DeyJpZCI6NjU4LCJ0b2dnbGUiOmZhbHNlfQ%3D%3D\">\n\t\t\t\t\t\t<span class=\"elementor-button-content-wrapper\">\n\t\t\t\t\t\t\t\t\t<span class=\"elementor-button-text\">Solicitar presupuesto<\/span>\n\t\t\t\t\t<\/span>\n\t\t\t\t\t<\/a>\n\t\t\t\t<\/div>\n\t\t\t\t\t\t\t\t<\/div>\n\t\t\t\t<\/div>\n\t\t\t\t\t<\/div>\n\t\t<\/div>\n\t\t\t\t\t<\/div>\n\t\t<\/section>\n\t\t\t\t<\/div>\n\t\t","protected":false},"excerpt":{"rendered":"<p>SEGURIDAD Garantizada Soluciones financieras HEIMA Soluciones financieras HEIMA: convertir sus proyectos en realidad Bienvenido a HEIMA Financial Services\u2122, donde ofrecemos un paquete completo de soluciones financieras para satisfacer sus necesidades. Como parte de la familia HEIMA, HFS\u2122 est\u00e1 listo para proporcionar apoyo financiero, haciendo de su proyecto una realidad. Por qu\u00e9 elegir HFS\u2122: Equipo de [&hellip;]<\/p>\n","protected":false},"author":4,"featured_media":0,"parent":0,"menu_order":0,"comment_status":"closed","ping_status":"closed","template":"elementor_header_footer","meta":{"footnotes":""},"class_list":["post-1547","page","type-page","status-publish","hentry"],"_links":{"self":[{"href":"https:\/\/heima.solutions\/es\/wp-json\/wp\/v2\/pages\/1547","targetHints":{"allow":["GET"]}}],"collection":[{"href":"https:\/\/heima.solutions\/es\/wp-json\/wp\/v2\/pages"}],"about":[{"href":"https:\/\/heima.solutions\/es\/wp-json\/wp\/v2\/types\/page"}],"author":[{"embeddable":true,"href":"https:\/\/heima.solutions\/es\/wp-json\/wp\/v2\/users\/4"}],"replies":[{"embeddable":true,"href":"https:\/\/heima.solutions\/es\/wp-json\/wp\/v2\/comments?post=1547"}],"version-history":[{"count":25,"href":"https:\/\/heima.solutions\/es\/wp-json\/wp\/v2\/pages\/1547\/revisions"}],"predecessor-version":[{"id":2525,"href":"https:\/\/heima.solutions\/es\/wp-json\/wp\/v2\/pages\/1547\/revisions\/2525"}],"wp:attachment":[{"href":"https:\/\/heima.solutions\/es\/wp-json\/wp\/v2\/media?parent=1547"}],"curies":[{"name":"wp","href":"https:\/\/api.w.org\/{rel}","templated":true}]}}